{"id":192,"date":"2022-02-26T02:11:48","date_gmt":"2022-02-26T02:11:48","guid":{"rendered":"https:\/\/www.dixiebotanicalsmx.com\/Por-Grace\/?page_id=192"},"modified":"2023-02-13T22:27:25","modified_gmt":"2023-02-13T22:27:25","slug":"la-fundacion-2","status":"publish","type":"page","link":"http:\/\/www.porgrace.org\/english\/la-fundacion-2\/","title":{"rendered":"La Fundaci\u00f3n"},"content":{"rendered":"<p>[et_pb_section fb_built=&#8221;1&#8243; _builder_version=&#8221;4.16&#8243; _module_preset=&#8221;default&#8221; custom_margin=&#8221;0px|0px|0px|0px|false|false&#8221; custom_padding=&#8221;0px|0px|0px|0px|false|false&#8221; global_colors_info=&#8221;{}&#8221;][et_pb_row column_structure=&#8221;1_2,1_2&#8243; use_custom_gutter=&#8221;on&#8221; gutter_width=&#8221;1&#8243; make_equal=&#8221;on&#8221; _builder_version=&#8221;4.16&#8243; _module_preset=&#8221;default&#8221; width=&#8221;100%&#8221; max_width=&#8221;none&#8221; module_alignment=&#8221;center&#8221; custom_margin=&#8221;0px|0px|0px|0px|false|false&#8221; custom_padding=&#8221;0px|0px|0px|0px|false|false&#8221; background_last_edited=&#8221;on|phone&#8221; global_colors_info=&#8221;{}&#8221;][et_pb_column type=&#8221;1_2&#8243; _builder_version=&#8221;4.16&#8243; _module_preset=&#8221;default&#8221; global_colors_info=&#8221;{}&#8221;][et_pb_image title_text=&#8221;WhatsApp Image 2019-10-14 at 1.56.12 PM&#8221; src_tablet=&#8221;http:\/\/www.porgrace.org\/english\/wp-content\/uploads\/2022\/02\/WhatsApp-Image-2019-10-14-at-1.56.12-PM.jpeg&#8221; src_phone=&#8221;http:\/\/www.porgrace.org\/english\/wp-content\/uploads\/2022\/02\/WhatsApp-Image-2019-10-14-at-1.56.12-PM.jpeg&#8221; src_last_edited=&#8221;on|phone&#8221; disabled_on=&#8221;off|off|on&#8221; _builder_version=&#8221;4.16&#8243; _module_preset=&#8221;default&#8221; global_colors_info=&#8221;{}&#8221;][\/et_pb_image][et_pb_text _builder_version=&#8221;4.19.4&#8243; _module_preset=&#8221;default&#8221; header_font=&#8221;Abhaya Libre||||||||&#8221; header_text_align=&#8221;center&#8221; header_text_color=&#8221;#37ae8b&#8221; header_font_size=&#8221;55px&#8221; text_orientation=&#8221;center&#8221; module_alignment=&#8221;center&#8221; custom_margin=&#8221;5%||||false|false&#8221; hover_enabled=&#8221;0&#8243; global_colors_info=&#8221;{}&#8221; sticky_enabled=&#8221;0&#8243;]<\/p>\n<h1 class=\"font_5\"><span>Foundation<\/span><\/h1>\n<p>[\/et_pb_text][et_pb_text _builder_version=&#8221;4.19.4&#8243; _module_preset=&#8221;default&#8221; text_font_size=&#8221;16px&#8221; text_orientation=&#8221;center&#8221; width=&#8221;50%&#8221; width_tablet=&#8221;50%&#8221; width_phone=&#8221;90%&#8221; width_last_edited=&#8221;on|phone&#8221; module_alignment=&#8221;center&#8221; hover_enabled=&#8221;0&#8243; global_colors_info=&#8221;{}&#8221; sticky_enabled=&#8221;0&#8243;]<\/p>\n<p class=\"font_7\"><span>Founded in 2016, Por Grace A.C. It is the culmination of our work for the legalization of medical cannabis to improve the quality of life of our daughter Grace Elizalde.<\/p>\n<p>Today we work for everyone to reduce the gap in access to medical cannabis for low-income families.<\/span><\/p>\n<p>[\/et_pb_text][et_pb_image src=&#8221;http:\/\/www.porgrace.org\/english\/wp-content\/uploads\/2022\/02\/PG-Isotipo-1080-FullColor.png&#8221; title_text=&#8221;PG-Isotipo-1080-FullColor&#8221; align=&#8221;center&#8221; _builder_version=&#8221;4.16&#8243; _module_preset=&#8221;default&#8221; max_width=&#8221;50%&#8221; module_alignment=&#8221;center&#8221; global_colors_info=&#8221;{}&#8221;][\/et_pb_image][\/et_pb_column][et_pb_column type=&#8221;1_2&#8243; _builder_version=&#8221;4.16&#8243; _module_preset=&#8221;default&#8221; background_image=&#8221;http:\/\/www.porgrace.org\/english\/wp-content\/uploads\/2022\/02\/WhatsApp-Image-2019-10-14-at-1.56.12-PM.jpeg&#8221; background_last_edited=&#8221;on|tablet&#8221; background_enable_image_tablet=&#8221;off&#8221; background_enable_image_phone=&#8221;off&#8221; parallax_tablet=&#8221;off&#8221; background_size_tablet=&#8221;cover&#8221; global_colors_info=&#8221;{}&#8221;][\/et_pb_column][\/et_pb_row][\/et_pb_section][et_pb_section fb_built=&#8221;1&#8243; _builder_version=&#8221;4.16&#8243; _module_preset=&#8221;default&#8221; custom_margin=&#8221;0px|0px|0px|0px|false|false&#8221; custom_padding=&#8221;0px|0px|0px|0px|false|false&#8221; global_colors_info=&#8221;{}&#8221;][et_pb_row column_structure=&#8221;1_2,1_2&#8243; use_custom_gutter=&#8221;on&#8221; gutter_width=&#8221;1&#8243; make_equal=&#8221;on&#8221; _builder_version=&#8221;4.16&#8243; _module_preset=&#8221;default&#8221; width=&#8221;100%&#8221; max_width=&#8221;none&#8221; module_alignment=&#8221;center&#8221; custom_margin=&#8221;0px|0px|0px|0px|false|false&#8221; custom_padding=&#8221;0px|0px|0px|0px|false|false&#8221; global_colors_info=&#8221;{}&#8221;][et_pb_column type=&#8221;1_2&#8243; _builder_version=&#8221;4.16&#8243; _module_preset=&#8221;default&#8221; background_image=&#8221;http:\/\/www.porgrace.org\/english\/wp-content\/uploads\/2022\/02\/CIRUGIA-REFLUJO-1024&#215;961.jpg&#8221; background_last_edited=&#8221;on|desktop&#8221; background_enable_image_tablet=&#8221;off&#8221; background_enable_image_phone=&#8221;off&#8221; global_colors_info=&#8221;{}&#8221;][\/et_pb_column][et_pb_column type=&#8221;1_2&#8243; _builder_version=&#8221;4.16&#8243; _module_preset=&#8221;default&#8221; background_color=&#8221;#37ae8b&#8221; background_enable_image=&#8221;off&#8221; custom_padding=&#8221;10%||10%||true|false&#8221; global_colors_info=&#8221;{}&#8221;][et_pb_text _builder_version=&#8221;4.16&#8243; _module_preset=&#8221;default&#8221; header_font=&#8221;Abhaya Libre||||||||&#8221; header_text_align=&#8221;center&#8221; header_text_color=&#8221;#FFFFFF&#8221; header_font_size=&#8221;55px&#8221; text_orientation=&#8221;center&#8221; module_alignment=&#8221;center&#8221; custom_margin=&#8221;5%||||false|false&#8221; global_colors_info=&#8221;{}&#8221;]<\/p>\n<h1 class=\"font_5\">Grace Elizalde<br \/>Benavides<\/h1>\n<p>[\/et_pb_text][et_pb_text _builder_version=&#8221;4.19.4&#8243; _module_preset=&#8221;default&#8221; text_text_color=&#8221;#FFFFFF&#8221; text_font_size=&#8221;16px&#8221; width=&#8221;50%&#8221; width_tablet=&#8221;50%&#8221; width_phone=&#8221;90%&#8221; width_last_edited=&#8221;on|phone&#8221; module_alignment=&#8221;center&#8221; hover_enabled=&#8221;0&#8243; global_colors_info=&#8221;{}&#8221; sticky_enabled=&#8221;0&#8243;]<\/p>\n<p class=\"font_7\">Graciela Elizalde Benavides, whom we affectionately call Grace, was diagnosed as a child with a rare and severe form of childhood epilepsy called Lennox-Gastaut Syndrome (LGS). Today at 14 years old, thanks to her treatment based on CBD and the hard fight of her parents to obtain protection for her medicinal use, Grace has reduced her attacks by just over 90%, allowing you to have a better quality of life.<\/p>\n<p>[\/et_pb_text][et_pb_image title_text=&#8221;CIRUGIA-REFLUJO&#8221; src_tablet=&#8221;http:\/\/www.porgrace.org\/english\/wp-content\/uploads\/2022\/02\/CIRUGIA-REFLUJO.jpg&#8221; src_phone=&#8221;http:\/\/www.porgrace.org\/english\/wp-content\/uploads\/2022\/02\/CIRUGIA-REFLUJO.jpg&#8221; src_last_edited=&#8221;on|phone&#8221; disabled_on=&#8221;off|off|on&#8221; _builder_version=&#8221;4.16&#8243; _module_preset=&#8221;default&#8221; global_colors_info=&#8221;{}&#8221;][\/et_pb_image][\/et_pb_column][\/et_pb_row][\/et_pb_section][et_pb_section fb_built=&#8221;1&#8243; _builder_version=&#8221;4.16&#8243; _module_preset=&#8221;default&#8221; background_image=&#8221;http:\/\/www.porgrace.org\/english\/wp-content\/uploads\/2022\/02\/Gradiente-Coral.png&#8221; background_size=&#8221;contain&#8221; global_colors_info=&#8221;{}&#8221;][et_pb_row column_structure=&#8221;1_2,1_2&#8243; _builder_version=&#8221;4.16&#8243; _module_preset=&#8221;default&#8221; max_width=&#8221;none&#8221; global_colors_info=&#8221;{}&#8221;][et_pb_column type=&#8221;1_2&#8243; _builder_version=&#8221;4.16&#8243; _module_preset=&#8221;default&#8221; global_colors_info=&#8221;{}&#8221;][et_pb_image src=&#8221;http:\/\/www.porgrace.org\/english\/wp-content\/uploads\/2022\/02\/IMG_6659_edited-e1645841253962.jpg&#8221; title_text=&#8221;IMG_6659_edited&#8221; align=&#8221;center&#8221; _builder_version=&#8221;4.16&#8243; _module_preset=&#8221;default&#8221; module_alignment=&#8221;center&#8221; border_radii=&#8221;on|25px|25px|25px|25px&#8221; global_colors_info=&#8221;{}&#8221;][\/et_pb_image][et_pb_text _builder_version=&#8221;4.16&#8243; _module_preset=&#8221;default&#8221; text_font_size=&#8221;12px&#8221; global_colors_info=&#8221;{}&#8221;]<\/p>\n<p><span>Photo Credit: Ariana Zehbrauskas para el Washington Post<\/span><\/p>\n<p>[\/et_pb_text][\/et_pb_column][et_pb_column type=&#8221;1_2&#8243; _builder_version=&#8221;4.16&#8243; _module_preset=&#8221;default&#8221; global_colors_info=&#8221;{}&#8221;][et_pb_text _builder_version=&#8221;4.19.4&#8243; _module_preset=&#8221;default&#8221; text_font_size=&#8221;18px&#8221; text_letter_spacing=&#8221;1px&#8221; custom_padding=&#8221;15%|10%|15%|10%|true|true&#8221; hover_enabled=&#8221;0&#8243; text_font_size_tablet=&#8221;18px&#8221; text_font_size_phone=&#8221;14px&#8221; text_font_size_last_edited=&#8221;on|phone&#8221; global_colors_info=&#8221;{}&#8221; sticky_enabled=&#8221;0&#8243;]<\/p>\n<p class=\"font_7\"><span>Treatment options for patients with epilepsy are very limited, and we explore them all. Grace saw many specialists and tried a variety of conventional and first-generation anticonvulsants to control her epilepsy. In addition, she underwent a radiosurgery callosotomy, and we even opted for alternative treatments, but none managed to reduce her seizures.<\/p>\n<p>As a family we exhausted all possible resources to offer her a better quality of life, and the fact of seeing her in a state of lethargy affected us too much.<\/span><\/p>\n<p>[\/et_pb_text][\/et_pb_column][\/et_pb_row][\/et_pb_section][et_pb_section fb_built=&#8221;1&#8243; disabled_on=&#8221;on|on|off&#8221; _builder_version=&#8221;4.16&#8243; _module_preset=&#8221;default&#8221; background_color=&#8221;#05c8a1&#8243; global_colors_info=&#8221;{}&#8221;][et_pb_row column_structure=&#8221;1_4,1_2,1_4&#8243; _builder_version=&#8221;4.16&#8243; _module_preset=&#8221;default&#8221; max_width=&#8221;none&#8221; global_colors_info=&#8221;{}&#8221;][et_pb_column type=&#8221;1_4&#8243; _builder_version=&#8221;4.16&#8243; _module_preset=&#8221;default&#8221; global_colors_info=&#8221;{}&#8221;][et_pb_image src=&#8221;http:\/\/www.porgrace.org\/english\/wp-content\/uploads\/2022\/02\/Gracias-HM-1.webp&#8221; title_text=&#8221;Gracias-HM-1&#8243; align=&#8221;center&#8221; _builder_version=&#8221;4.16&#8243; _module_preset=&#8221;default&#8221; positioning=&#8221;relative&#8221; position_origin_a=&#8221;bottom_center&#8221; vertical_offset=&#8221;525px&#8221; width=&#8221;100%&#8221; global_colors_info=&#8221;{}&#8221;][\/et_pb_image][\/et_pb_column][et_pb_column type=&#8221;1_2&#8243; _builder_version=&#8221;4.16&#8243; _module_preset=&#8221;default&#8221; global_colors_info=&#8221;{}&#8221;][et_pb_text disabled_on=&#8221;on|on|off&#8221; _builder_version=&#8221;4.19.4&#8243; _module_preset=&#8221;default&#8221; text_text_color=&#8221;#FFFFFF&#8221; text_font_size=&#8221;16px&#8221; text_orientation=&#8221;center&#8221; hover_enabled=&#8221;0&#8243; text_font_size_tablet=&#8221;16px&#8221; text_font_size_phone=&#8221;14px&#8221; text_font_size_last_edited=&#8221;on|phone&#8221; global_colors_info=&#8221;{}&#8221; sticky_enabled=&#8221;0&#8243;]<\/p>\n<p class=\"font_7\">It was when we found that in countries like the United States, Canada, Spain, Uruguay and Brazil, many children with conditions similar to those of Grace had been treated with Cannabidiol (CBD), an oil derived from Cannabis, without the psychotropic effects, in various studies, more than 84% of patients had seen noticeable improvements and the negative effects were almost nil, unlike the conventional medications that Grace had been prescribed.<\/p>\n<p>In Mexico, we went to several health instances to obtain access to Cannabidiol legally, but we were denied. Given this, we issued an amparo trial, finally winning in 2016, and making Grace the first Mexican patient to consume medicinal cannabis legally.<\/p>\n<p>[\/et_pb_text][et_pb_image src=&#8221;http:\/\/www.porgrace.org\/english\/wp-content\/uploads\/2022\/02\/GRACE-ANTES-DEL-CANNABIS.webp&#8221; title_text=&#8221;GRACE ANTES DEL CANNABIS&#8221; show_bottom_space=&#8221;off&#8221; align=&#8221;center&#8221; _builder_version=&#8221;4.16&#8243; _module_preset=&#8221;default&#8221; positioning=&#8221;relative&#8221; vertical_offset=&#8221;200px&#8221; custom_margin=&#8221;0px||||false|false&#8221; custom_padding=&#8221;0px||||false|false&#8221; global_colors_info=&#8221;{}&#8221;][\/et_pb_image][\/et_pb_column][et_pb_column type=&#8221;1_4&#8243; _builder_version=&#8221;4.16&#8243; _module_preset=&#8221;default&#8221; global_colors_info=&#8221;{}&#8221;][et_pb_image src=&#8221;http:\/\/www.porgrace.org\/english\/wp-content\/uploads\/2022\/02\/MB-237.webp&#8221; title_text=&#8221;MB-237&#8243; align=&#8221;center&#8221; _builder_version=&#8221;4.16&#8243; _module_preset=&#8221;default&#8221; positioning=&#8221;relative&#8221; vertical_offset=&#8221;525px&#8221; global_colors_info=&#8221;{}&#8221;][\/et_pb_image][\/et_pb_column][\/et_pb_row][\/et_pb_section][et_pb_section fb_built=&#8221;1&#8243; disabled_on=&#8221;off|off|on&#8221; _builder_version=&#8221;4.16&#8243; _module_preset=&#8221;default&#8221; background_color=&#8221;#05c8a1&#8243; global_colors_info=&#8221;{}&#8221;][et_pb_row _builder_version=&#8221;4.16&#8243; _module_preset=&#8221;default&#8221; max_width=&#8221;none&#8221; global_colors_info=&#8221;{}&#8221;][et_pb_column type=&#8221;4_4&#8243; _builder_version=&#8221;4.16&#8243; _module_preset=&#8221;default&#8221; global_colors_info=&#8221;{}&#8221;][et_pb_text disabled_on=&#8221;off|off|on&#8221; _builder_version=&#8221;4.16&#8243; _module_preset=&#8221;default&#8221; text_text_color=&#8221;#FFFFFF&#8221; text_font_size=&#8221;16px&#8221; text_orientation=&#8221;center&#8221; text_font_size_tablet=&#8221;16px&#8221; text_font_size_phone=&#8221;14px&#8221; text_font_size_last_edited=&#8221;on|phone&#8221; global_colors_info=&#8221;{}&#8221;]<\/p>\n<p class=\"font_7\">Fue cuando encontramos que en pa\u00edses como Estados Unidos, Canad\u00e1, Espa\u00f1a, Uruguay y Brasil, muchos ni\u00f1os con padecimientos similares a los de Grace hab\u00edan sido tratados con Cannabidiol (CBD), un aceite derivado de la Cannabis, sin los efectos psicotr\u00f3picos, En diversos estudios, m\u00e1s del 84% de los pacientes hab\u00edan visto mejoras notorias y los efectos negativos fueron casi nulos, a diferencia de los medicamentos convencionales que se le hab\u00edan prescrito a Grace.<\/p>\n<p class=\"font_7\">En M\u00e9xico, acudimos a varias instancias de salud, para obtener acceso al Cannabidiol de manera legal, pero se nos fue negado. Ante esto emitimos un juicio de amparo, gan\u00e1ndole por fin en 2016, y convirti\u00e9ndo a Grace en la primera paciente mexicana en consumir cannabis medicinal de manera legal.<\/p>\n<p>[\/et_pb_text][et_pb_image src=&#8221;http:\/\/www.porgrace.org\/english\/wp-content\/uploads\/2022\/02\/Gracias-HM-1.webp&#8221; title_text=&#8221;Gracias-HM-1&#8243; align=&#8221;center&#8221; _builder_version=&#8221;4.16&#8243; _module_preset=&#8221;default&#8221; position_origin_a=&#8221;bottom_center&#8221; vertical_offset=&#8221;525px&#8221; width=&#8221;100%&#8221; global_colors_info=&#8221;{}&#8221;][\/et_pb_image][et_pb_image src=&#8221;http:\/\/www.porgrace.org\/english\/wp-content\/uploads\/2022\/02\/GRACE-ANTES-DEL-CANNABIS.webp&#8221; title_text=&#8221;GRACE ANTES DEL CANNABIS&#8221; align=&#8221;center&#8221; _builder_version=&#8221;4.16&#8243; _module_preset=&#8221;default&#8221; vertical_offset=&#8221;200px&#8221; custom_margin=&#8221;0px||||false|false&#8221; custom_padding=&#8221;0px||||false|false&#8221; global_colors_info=&#8221;{}&#8221;][\/et_pb_image][et_pb_image src=&#8221;http:\/\/www.porgrace.org\/english\/wp-content\/uploads\/2022\/02\/MB-237.webp&#8221; title_text=&#8221;MB-237&#8243; align=&#8221;center&#8221; _builder_version=&#8221;4.16&#8243; _module_preset=&#8221;default&#8221; vertical_offset=&#8221;525px&#8221; global_colors_info=&#8221;{}&#8221;][\/et_pb_image][\/et_pb_column][\/et_pb_row][\/et_pb_section][et_pb_section fb_built=&#8221;1&#8243; _builder_version=&#8221;4.16&#8243; _module_preset=&#8221;default&#8221; custom_padding=&#8221;250px||||false|false&#8221; global_colors_info=&#8221;{}&#8221;][et_pb_row disabled_on=&#8221;on|on|on&#8221; _builder_version=&#8221;4.19.4&#8243; _module_preset=&#8221;default&#8221; disabled=&#8221;on&#8221; global_colors_info=&#8221;{}&#8221;][et_pb_column type=&#8221;4_4&#8243; _builder_version=&#8221;4.16&#8243; _module_preset=&#8221;default&#8221; global_colors_info=&#8221;{}&#8221;][et_pb_text _builder_version=&#8221;4.16&#8243; _module_preset=&#8221;default&#8221; text_orientation=&#8221;center&#8221; global_colors_info=&#8221;{}&#8221;]<\/p>\n<h2 class=\"font_6\"><span>Conoce nuestros programas<\/span><\/h2>\n<p>[\/et_pb_text][\/et_pb_column][\/et_pb_row][et_pb_row column_structure=&#8221;1_3,1_3,1_3&#8243; disabled_on=&#8221;on|on|on&#8221; _builder_version=&#8221;4.19.4&#8243; _module_preset=&#8221;default&#8221; disabled=&#8221;on&#8221; global_colors_info=&#8221;{}&#8221;][et_pb_column type=&#8221;1_3&#8243; _builder_version=&#8221;4.16&#8243; _module_preset=&#8221;default&#8221; global_colors_info=&#8221;{}&#8221;][et_pb_image src=&#8221;http:\/\/www.porgrace.org\/english\/wp-content\/uploads\/2022\/02\/Cannalove-.png&#8221; title_text=&#8221;Cannalove-&#8221; align=&#8221;center&#8221; _builder_version=&#8221;4.16&#8243; _module_preset=&#8221;default&#8221; global_colors_info=&#8221;{}&#8221;][\/et_pb_image][et_pb_text _builder_version=&#8221;4.16&#8243; _module_preset=&#8221;default&#8221; text_font_size=&#8221;18px&#8221; text_orientation=&#8221;center&#8221; global_colors_info=&#8221;{}&#8221;]<\/p>\n<p>Brindemos dignidad a personas con padecimientos refractarios y a sus familias, mediante donaci\u00f3n de tratamientos y tecnolog\u00edas de apoyo.<\/p>\n<p>[\/et_pb_text][\/et_pb_column][et_pb_column type=&#8221;1_3&#8243; _builder_version=&#8221;4.16&#8243; _module_preset=&#8221;default&#8221; global_colors_info=&#8221;{}&#8221;][et_pb_image src=&#8221;http:\/\/www.porgrace.org\/english\/wp-content\/uploads\/2022\/02\/CannaU-.png&#8221; title_text=&#8221;CannaU-&#8221; align=&#8221;center&#8221; _builder_version=&#8221;4.16&#8243; _module_preset=&#8221;default&#8221; global_colors_info=&#8221;{}&#8221;][\/et_pb_image][et_pb_text _builder_version=&#8221;4.16&#8243; _module_preset=&#8221;default&#8221; text_font_size=&#8221;18px&#8221; text_orientation=&#8221;center&#8221; global_colors_info=&#8221;{}&#8221;]<\/p>\n<p><span>Todo lo que necesitas saber sobre Cannabinoides, desde nivel principiante a experto.<\/span><\/p>\n<p>[\/et_pb_text][\/et_pb_column][et_pb_column type=&#8221;1_3&#8243; _builder_version=&#8221;4.16&#8243; _module_preset=&#8221;default&#8221; global_colors_info=&#8221;{}&#8221;][et_pb_image src=&#8221;http:\/\/www.porgrace.org\/english\/wp-content\/uploads\/2022\/02\/CannaLabs-.png&#8221; title_text=&#8221;CannaLabs-&#8221; _builder_version=&#8221;4.16&#8243; _module_preset=&#8221;default&#8221; global_colors_info=&#8221;{}&#8221;][\/et_pb_image][et_pb_text _builder_version=&#8221;4.16&#8243; _module_preset=&#8221;default&#8221; text_font_size=&#8221;18px&#8221; text_orientation=&#8221;center&#8221; global_colors_info=&#8221;{}&#8221;]<\/p>\n<p><span>Ay\u00fadanos a innovar impulsando y promoviendo emprendimientos, investigaciones y estudios sobre el uso terap\u00e9utico de la cannabis.<\/span><\/p>\n<p>[\/et_pb_text][\/et_pb_column][\/et_pb_row][et_pb_row _builder_version=&#8221;4.16&#8243; _module_preset=&#8221;default&#8221; global_colors_info=&#8221;{}&#8221;][et_pb_column type=&#8221;4_4&#8243; _builder_version=&#8221;4.16&#8243; _module_preset=&#8221;default&#8221; global_colors_info=&#8221;{}&#8221;][et_pb_button button_text=&#8221;Explorar&#8221; button_alignment=&#8221;center&#8221; _builder_version=&#8221;4.16&#8243; _module_preset=&#8221;default&#8221; custom_button=&#8221;on&#8221; button_text_size=&#8221;17px&#8221; button_bg_color=&#8221;#05c8a1&#8243; button_font=&#8221;Poppins|300|||||||&#8221; button_use_icon=&#8221;off&#8221; background_layout=&#8221;dark&#8221; custom_padding=&#8221;|35px||35px|false|true&#8221; global_colors_info=&#8221;{}&#8221;][\/et_pb_button][\/et_pb_column][\/et_pb_row][\/et_pb_section]<\/p>\n","protected":false},"excerpt":{"rendered":"<p>FoundationFounded in 2016, Por Grace A.C. It is the culmination of our work for the legalization of medical cannabis to improve the quality of life of our daughter Grace Elizalde. Today we work for everyone to reduce the gap in access to medical cannabis for low-income families.Grace ElizaldeBenavidesGraciela Elizalde Benavides, whom we affectionately call Grace, [&hellip;]<\/p>\n","protected":false},"author":1,"featured_media":0,"parent":0,"menu_order":0,"comment_status":"closed","ping_status":"closed","template":"","meta":{"_et_pb_use_builder":"on","_et_pb_old_content":"","_et_gb_content_width":""},"_links":{"self":[{"href":"http:\/\/www.porgrace.org\/english\/wp-json\/wp\/v2\/pages\/192"}],"collection":[{"href":"http:\/\/www.porgrace.org\/english\/wp-json\/wp\/v2\/pages"}],"about":[{"href":"http:\/\/www.porgrace.org\/english\/wp-json\/wp\/v2\/types\/page"}],"author":[{"embeddable":true,"href":"http:\/\/www.porgrace.org\/english\/wp-json\/wp\/v2\/users\/1"}],"replies":[{"embeddable":true,"href":"http:\/\/www.porgrace.org\/english\/wp-json\/wp\/v2\/comments?post=192"}],"version-history":[{"count":2,"href":"http:\/\/www.porgrace.org\/english\/wp-json\/wp\/v2\/pages\/192\/revisions"}],"predecessor-version":[{"id":3452,"href":"http:\/\/www.porgrace.org\/english\/wp-json\/wp\/v2\/pages\/192\/revisions\/3452"}],"wp:attachment":[{"href":"http:\/\/www.porgrace.org\/english\/wp-json\/wp\/v2\/media?parent=192"}],"curies":[{"name":"wp","href":"https:\/\/api.w.org\/{rel}","templated":true}]}}